{"id":143,"date":"2016-06-20T07:48:11","date_gmt":"2016-06-20T07:48:11","guid":{"rendered":"http:\/\/sw-themes.com\/porto_dummy\/?page_id=143"},"modified":"2021-05-11T11:39:58","modified_gmt":"2021-05-11T15:39:58","slug":"home","status":"publish","type":"page","link":"https:\/\/medilean.cl\/blog\/","title":{"rendered":"Home"},"content":{"rendered":"<p>[vc_row animation_type=&#8221;fadeInUp&#8221;][vc_column width=&#8221;1\/2&#8243;]<div id=\"porto-blog-9545\" class=\"porto-blog wpb_content_element \"><h4 class=\"wpb_heading \">Farmacolog\u00eda<\/h4>\t\t<div class=\"blog-posts posts-grid blog-posts-list\">\n\t\t\t<div class=\"posts-container row\">\n\t\t<div class=\"post post-grid col-md-12 post-3179 post type-post status-publish format-standard has-post-thumbnail hentry category-control-de-peso tag-bajar-de-peso tag-elvenir tag-fentermina-chile tag-obexol tag-sentis tag-tratamiento-medico-obesidad blog-post-item post-item-list\">\n\t\t\t<div class=\"post-image img-thumbnail\">\n\t\t\t<a href=\"https:\/\/medilean.cl\/blog\/fentermina-en-chile-costo-beneficio\/\">\n\t\t\t\t<img loading=\"lazy\" decoding=\"async\" width=\"450\" height=\"250\" src=\"https:\/\/medilean.cl\/blog\/wp-content\/uploads\/2026\/04\/IMG_5739-450x250.png\" alt=\"Fentermina en Chile Medilean Sentis Elvenir\" \/>\n\t\t\t<\/a>\n\t\t<\/div>\n\t\t<div class=\"post-item-content\">\n\t\t\t\t\t<span class=\"post-date\">18 de abril de 2026<\/span>\n\t\t\t\t\t\t<h5 class=\"post-item-title\"><a href=\"https:\/\/medilean.cl\/blog\/fentermina-en-chile-costo-beneficio\/\">Fentermina en Chile: \u00bfPor qu\u00e9 sigue siendo la mejor opci\u00f3n relaci\u00f3n costo-beneficio en 2026?<\/a><\/h5>\n\t\t\t<\/div>\n<\/div>\n<div class=\"post post-grid col-md-12 post-3167 post type-post status-publish format-standard hentry category-farmacologia tag-ansiedad-por-comer tag-bajar-de-peso tag-control-del-apetito tag-efecto-rebote tag-elvenir tag-fentermina tag-finapet tag-medicamentos-para-adelgazar tag-obexol tag-ozempic tag-perder-peso tag-semaglutida tag-sentis tag-tirzepatida tag-tratamiento-obesidad blog-post-item post-item-list\">\n\t\t\t<div class=\"post-image img-thumbnail\">\n\t\t\t<a href=\"https:\/\/medilean.cl\/blog\/sentis-vs-ozempic\/\">\n\t\t\t\t<img loading=\"lazy\" decoding=\"async\" width=\"450\" height=\"250\" src=\"https:\/\/medilean.cl\/blog\/wp-content\/uploads\/2026\/04\/IMG_5463-450x250.png\" alt=\"sentis vs ozempic diferencias para bajar de peso tratamiento obesidad\" \/>\n\t\t\t<\/a>\n\t\t<\/div>\n\t\t<div class=\"post-item-content\">\n\t\t\t\t\t<span class=\"post-date\">8 de abril de 2026<\/span>\n\t\t\t\t\t\t<h5 class=\"post-item-title\"><a href=\"https:\/\/medilean.cl\/blog\/sentis-vs-ozempic\/\">Sentis vs Ozempic: \u00bfCu\u00e1l es mejor para bajar de peso en 2026?<\/a><\/h5>\n\t\t\t<\/div>\n<\/div>\n<div class=\"post post-grid col-md-12 post-3115 post type-post status-publish format-standard hentry category-destacadas category-farmacologia tag-bajar-de-peso-chile tag-efecto-rebote tag-elvenir tag-fentermina tag-fentermina-chile tag-finapet tag-mounjaro-chile tag-obesidad-enfermedad-cronica tag-obexol tag-orlistat-chile tag-ozempic-chile tag-saxenda-chile tag-sentis tag-tratamiento-obesidad-chile blog-post-item post-item-list\">\n\t\t\t<div class=\"post-image img-thumbnail\">\n\t\t\t<a href=\"https:\/\/medilean.cl\/blog\/por-que-no-puedes-bajar-de-peso-la-obesidad-es-una-enfermedad-cronica-y-tratamientos-como-mounjaro-ozempic-sentis-y-otros-pueden-ayudarte\/\">\n\t\t\t\t<img loading=\"lazy\" decoding=\"async\" width=\"450\" height=\"250\" src=\"https:\/\/medilean.cl\/blog\/wp-content\/uploads\/2026\/04\/IMG_5267-450x250.jpg\" alt=\"medicamentos para bajar de peso en chile mounjaro saxenda sentis\" \/>\n\t\t\t<\/a>\n\t\t<\/div>\n\t\t<div class=\"post-item-content\">\n\t\t\t\t\t<span class=\"post-date\">3 de abril de 2026<\/span>\n\t\t\t\t\t\t<h5 class=\"post-item-title\"><a href=\"https:\/\/medilean.cl\/blog\/por-que-no-puedes-bajar-de-peso-la-obesidad-es-una-enfermedad-cronica-y-tratamientos-como-mounjaro-ozempic-sentis-y-otros-pueden-ayudarte\/\">\u00bfPor qu\u00e9 no puedes bajar de peso? La obesidad es una enfermedad cr\u00f3nica (y tratamientos como Mounjaro, Ozempic, Sentis y otros pueden ayudarte)<\/a><\/h5>\n\t\t\t<\/div>\n<\/div>\n\n\t\n\t\t\t<\/div>\n\t\t<\/div>\n\n\t\n\t\n\t<\/div>[\/vc_column][vc_column width=&#8221;1\/2&#8243;]<div id=\"porto-blog-8196\" class=\"porto-blog wpb_content_element \"><h4 class=\"wpb_heading \">Noticias<\/h4>\t\t<div class=\"blog-posts posts-grid blog-posts-list\">\n\t\t\t<div class=\"posts-container row\">\n\t\t<div class=\"post post-grid col-md-12 post-3111 post type-post status-publish format-standard has-post-thumbnail hentry category-noticias tag-bajar-de-peso-chile tag-clinica-obesidad tag-efecto-rebote tag-elvenir tag-fentermina tag-finapet tag-liraglutida tag-obesidad-chile tag-obexol tag-saxenda tag-sentis tag-tratamiento-obesidad-chile tag-tratamientos-para-bajar-de-peso blog-post-item post-item-list\">\n\t\t\t<div class=\"post-image img-thumbnail\">\n\t\t\t<a href=\"https:\/\/medilean.cl\/blog\/nuevos-tratamientos-para-bajar-de-peso-en-chile-opciones-medicas-actuales\/\">\n\t\t\t\t<img loading=\"lazy\" decoding=\"async\" width=\"450\" height=\"250\" src=\"https:\/\/medilean.cl\/blog\/wp-content\/uploads\/2026\/04\/9DF671BB-E05E-46C2-87EF-7FD0B70095F5-450x250.png\" alt=\"tratamiento m\u00e9dico para obesidad en Chile consulta m\u00e9dica\" \/>\n\t\t\t<\/a>\n\t\t<\/div>\n\t\t<div class=\"post-item-content\">\n\t\t\t\t\t<span class=\"post-date\">3 de abril de 2026<\/span>\n\t\t\t\t\t\t<h5 class=\"post-item-title\"><a href=\"https:\/\/medilean.cl\/blog\/nuevos-tratamientos-para-bajar-de-peso-en-chile-opciones-medicas-actuales\/\">Nuevos tratamientos para bajar de peso en Chile: opciones m\u00e9dicas actuales<\/a><\/h5>\n\t\t\t<\/div>\n<\/div>\n<div class=\"post post-grid col-md-12 post-3081 post type-post status-publish format-standard has-post-thumbnail hentry category-noticias tag-ahoranoticias tag-elvenir tag-fentermina tag-finapet tag-mega tag-obexol tag-sentis blog-post-item post-item-list\">\n\t\t\t<div class=\"post-image img-thumbnail\">\n\t\t\t<a href=\"https:\/\/medilean.cl\/blog\/sentis-elvenir-reportaje-en-tv-declaracion\/\">\n\t\t\t\t<img loading=\"lazy\" decoding=\"async\" width=\"450\" height=\"250\" src=\"https:\/\/medilean.cl\/blog\/wp-content\/uploads\/2021\/05\/Sentis-Elvenir-reportaje-en-TV-declaracion-450x250.jpg\" alt=\"\" \/>\n\t\t\t<\/a>\n\t\t<\/div>\n\t\t<div class=\"post-item-content\">\n\t\t\t\t\t<span class=\"post-date\">11 de mayo de 2021<\/span>\n\t\t\t\t\t\t<h5 class=\"post-item-title\"><a href=\"https:\/\/medilean.cl\/blog\/sentis-elvenir-reportaje-en-tv-declaracion\/\">Sentis\/Elvenir reportaje en TV: declaraci\u00f3n<\/a><\/h5>\n\t\t\t<\/div>\n<\/div>\n\n\t\n\t\t\t<\/div>\n\t\t<\/div>\n\n\t\n\t\n\t<\/div>[\/vc_column][\/vc_row][vc_row animation_type=&#8221;fadeInUp&#8221;][vc_column]<div id=\"porto-blog-6381\" class=\"porto-blog wpb_content_element \"><h4 class=\"wpb_heading \">Preguntas de tratamiento<\/h4>\t\t<div class=\"blog-posts posts-grid blog-posts-list\">\n\t\t\t<div class=\"posts-container row\">\n\t\t<div class=\"post post-grid col-md-6 post-3170 post type-post status-publish format-standard hentry category-preguntas-de-tratamientos tag-bajar-de-peso tag-control-del-apetito tag-elvenir tag-fentermina tag-finapet tag-l tag-medicamentos-para-adelgazar tag-obexol tag-sentis tag-tratamiento-obesidad blog-post-item post-item-list\">\n\t\t\t<div class=\"post-image img-thumbnail\">\n\t\t\t<a href=\"https:\/\/medilean.cl\/blog\/fentermina-sentis-obexol-elvenir-finapet\/\">\n\t\t\t\t<img loading=\"lazy\" decoding=\"async\" width=\"450\" height=\"250\" src=\"https:\/\/medilean.cl\/blog\/wp-content\/uploads\/2021\/05\/PASTILLAS-PARA-ADELGAZAR-SENTIS-ELVENIR-450x250.jpg\" alt=\"fentermina sentis obexol elvenir finapet diferencias bajar de peso\" \/>\n\t\t\t<\/a>\n\t\t<\/div>\n\t\t<div class=\"post-item-content\">\n\t\t\t\t\t<span class=\"post-date\">8 de abril de 2026<\/span>\n\t\t\t\t\t\t<h5 class=\"post-item-title\"><a href=\"https:\/\/medilean.cl\/blog\/fentermina-sentis-obexol-elvenir-finapet\/\">\u00bfSentis, Obexol, Elvenir o Finapet son lo mismo? La verdad sobre la fentermina<\/a><\/h5>\n\t\t\t<\/div>\n<\/div>\n<div class=\"post post-grid col-md-6 post-3092 post type-post status-publish format-standard has-post-thumbnail hentry category-destacadas category-preguntas-de-tratamientos blog-post-item post-item-list\">\n\t\t\t<div class=\"post-image img-thumbnail\">\n\t\t\t<a href=\"https:\/\/medilean.cl\/blog\/como-afecta-la-ansiedad-tu-alimentacion\/\">\n\t\t\t\t<img loading=\"lazy\" decoding=\"async\" width=\"450\" height=\"250\" src=\"https:\/\/medilean.cl\/blog\/wp-content\/uploads\/2021\/05\/5-alimentos-saludables-que-calman-tu-ansiedad-450x250.jpg\" alt=\"\" \/>\n\t\t\t<\/a>\n\t\t<\/div>\n\t\t<div class=\"post-item-content\">\n\t\t\t\t\t<span class=\"post-date\">11 de mayo de 2021<\/span>\n\t\t\t\t\t\t<h5 class=\"post-item-title\"><a href=\"https:\/\/medilean.cl\/blog\/como-afecta-la-ansiedad-tu-alimentacion\/\">C\u00f3mo afecta la ansiedad tu alimentaci\u00f3n<\/a><\/h5>\n\t\t\t<\/div>\n<\/div>\n<div class=\"post post-grid col-md-6 post-3088 post type-post status-publish format-standard has-post-thumbnail hentry category-preguntas-de-tratamientos tag-deporte tag-efecto-rebote tag-elvenir tag-fentermina tag-finapet tag-obexol tag-sentis blog-post-item post-item-list\">\n\t\t\t<div class=\"post-image img-thumbnail\">\n\t\t\t<a href=\"https:\/\/medilean.cl\/blog\/el-efecto-rebote-tras-suspender-sentis-elvenir-obexol-fentermina-mito-y-realidad\/\">\n\t\t\t\t<img loading=\"lazy\" decoding=\"async\" width=\"450\" height=\"250\" src=\"https:\/\/medilean.cl\/blog\/wp-content\/uploads\/2021\/05\/El-Efecto-Rebote-tras-suspender-SENTIS-450x250.jpg\" alt=\"\" \/>\n\t\t\t<\/a>\n\t\t<\/div>\n\t\t<div class=\"post-item-content\">\n\t\t\t\t\t<span class=\"post-date\">11 de mayo de 2021<\/span>\n\t\t\t\t\t\t<h5 class=\"post-item-title\"><a href=\"https:\/\/medilean.cl\/blog\/el-efecto-rebote-tras-suspender-sentis-elvenir-obexol-fentermina-mito-y-realidad\/\">El Efecto Rebote tras suspender SENTIS \/ ELVENIR \/ OBEXOL (Fentermina) Mito y realidad:<\/a><\/h5>\n\t\t\t<\/div>\n<\/div>\n<div class=\"post post-grid col-md-6 post-3065 post type-post status-publish format-standard has-post-thumbnail hentry category-preguntas-de-tratamientos tag-bariatrica tag-contraindicacion tag-deporte tag-depresion tag-efecto-rebote tag-elvenir tag-eutirox tag-fentermina tag-finapet tag-fluoxetina tag-hipotiroidismo tag-obexol tag-riesgos tag-sentis tag-sertralina blog-post-item post-item-list\">\n\t\t\t<div class=\"post-image img-thumbnail\">\n\t\t\t<a href=\"https:\/\/medilean.cl\/blog\/pastillas-para-adelgazar-sentis-elvenir-preguntas-frecuentes\/\">\n\t\t\t\t<img loading=\"lazy\" decoding=\"async\" width=\"450\" height=\"250\" src=\"https:\/\/medilean.cl\/blog\/wp-content\/uploads\/2021\/05\/PASTILLAS-PARA-ADELGAZAR-SENTIS-ELVENIR-450x250.jpg\" alt=\"fentermina sentis obexol elvenir finapet diferencias bajar de peso\" \/>\n\t\t\t<\/a>\n\t\t<\/div>\n\t\t<div class=\"post-item-content\">\n\t\t\t\t\t<span class=\"post-date\">11 de mayo de 2021<\/span>\n\t\t\t\t\t\t<h5 class=\"post-item-title\"><a href=\"https:\/\/medilean.cl\/blog\/pastillas-para-adelgazar-sentis-elvenir-preguntas-frecuentes\/\">Pastillas para adelgazar; Sentis \/ Elvenir preguntas frecuentes<\/a><\/h5>\n\t\t\t<\/div>\n<\/div>\n\n\t\n\t\t\t<\/div>\n\t\t<\/div>\n\n\t\n\t\n\t<\/div>[\/vc_column][\/vc_row]<\/p>\n","protected":false},"excerpt":{"rendered":"<p>[vc_row animation_type=&#8221;fadeInUp&#8221;][vc_column width=&#8221;1\/2&#8243;][\/vc_column][vc_column width=&#8221;1\/2&#8243;][\/vc_column][\/vc_row][vc_row animation_type=&#8221;fadeInUp&#8221;][vc_column][\/vc_column][\/vc_row]<\/p>\n","protected":false},"author":1,"featured_media":0,"parent":0,"menu_order":0,"comment_status":"closed","ping_status":"closed","template":"","meta":{"footnotes":""},"class_list":["post-143","page","type-page","status-publish","hentry"],"_links":{"self":[{"href":"https:\/\/medilean.cl\/blog\/wp-json\/wp\/v2\/pages\/143","targetHints":{"allow":["GET"]}}],"collection":[{"href":"https:\/\/medilean.cl\/blog\/wp-json\/wp\/v2\/pages"}],"about":[{"href":"https:\/\/medilean.cl\/blog\/wp-json\/wp\/v2\/types\/page"}],"author":[{"embeddable":true,"href":"https:\/\/medilean.cl\/blog\/wp-json\/wp\/v2\/users\/1"}],"replies":[{"embeddable":true,"href":"https:\/\/medilean.cl\/blog\/wp-json\/wp\/v2\/comments?post=143"}],"version-history":[{"count":10,"href":"https:\/\/medilean.cl\/blog\/wp-json\/wp\/v2\/pages\/143\/revisions"}],"predecessor-version":[{"id":3077,"href":"https:\/\/medilean.cl\/blog\/wp-json\/wp\/v2\/pages\/143\/revisions\/3077"}],"wp:attachment":[{"href":"https:\/\/medilean.cl\/blog\/wp-json\/wp\/v2\/media?parent=143"}],"curies":[{"name":"wp","href":"https:\/\/api.w.org\/{rel}","templated":true}]}}